{"id":258,"date":"2017-10-25T16:42:04","date_gmt":"2017-10-25T14:42:04","guid":{"rendered":"http:\/\/www.schahlstiftung.ch\/?page_id=258"},"modified":"2017-10-25T16:48:14","modified_gmt":"2017-10-25T14:48:14","slug":"sobre-nosotros","status":"publish","type":"page","link":"http:\/\/www.schahlstiftung.ch\/es\/","title":{"rendered":"Sobre nosotros"},"content":{"rendered":"<div class=\"row\">\n\t<div class=\"wpb_showcase_widget wpb_content_element span12\">\n\t\t<div class=\"wpb_wrapper showcase-wrap\">\n\t\t\t\t\n\t\t\t<!-- START Sobre nosotros REVOLUTION SLIDER 6.6.8 --><p class=\"rs-p-wp-fix\"><\/p>\n\t\t\t<rs-module-wrap id=\"rev_slider_14_1_wrapper\" data-source=\"gallery\" style=\"visibility:hidden;background:#ffffff;padding:0;margin:0px auto;margin-top:0;margin-bottom:0;\">\n\t\t\t\t<rs-module id=\"rev_slider_14_1\" style=\"\" data-version=\"6.6.8\">\n\t\t\t\t\t<rs-slides style=\"overflow: hidden; position: absolute;\">\n\t\t\t\t\t\t<rs-slide style=\"position: absolute;\" data-key=\"rs-16\" data-title=\"Slide\" data-anim=\"ms:0;\" data-in=\"o:1;\" data-out=\"a:false;\">\n\t\t\t\t\t\t\t<img decoding=\"async\" src=\"\/\/www.schahlstiftung.ch\/wordpress\/wp-content\/plugins\/revslider\/public\/assets\/assets\/dummy.png\" alt=\"Slide\" title=\"Sobre nosotros\" class=\"rev-slidebg tp-rs-img rs-lazyload\" data-lazyload=\"\/\/www.schahlstiftung.ch\/wordpress\/wp-content\/plugins\/revslider\/public\/assets\/assets\/transparent.png\" data-bg=\"p:center top;c:#ffffff;\" data-no-retina>\n<!--\n\t\t\t\t\t\t\t--><rs-layer\n\t\t\t\t\t\t\t\tid=\"slider-14-slide-16-layer-1\" \n\t\t\t\t\t\t\t\tclass=\"modern_medium_light_red_white\"\n\t\t\t\t\t\t\t\tdata-type=\"text\"\n\t\t\t\t\t\t\t\tdata-color=\"rgba(228, 78, 45, 1)\"\n\t\t\t\t\t\t\t\tdata-rsp_ch=\"on\"\n\t\t\t\t\t\t\t\tdata-xy=\"x:700px;y:150px;\"\n\t\t\t\t\t\t\t\tdata-text=\"s:40;l:50;fw:300;\"\n\t\t\t\t\t\t\t\tdata-frame_1=\"st:100;sp:1500;sR:100;\"\n\t\t\t\t\t\t\t\tdata-frame_999=\"o:0;e:nothing;st:7500;sp:1500;sR:5900;\"\n\t\t\t\t\t\t\t\tstyle=\"z-index:5;font-family:'Source Sans Pro';margin:0px;white-space:nowrap;\"\n\t\t\t\t\t\t\t>Abrir el mundo \n\t\t\t\t\t\t\t<\/rs-layer><!--\n\n\t\t\t\t\t\t\t--><rs-layer\n\t\t\t\t\t\t\t\tid=\"slider-14-slide-16-layer-2\" \n\t\t\t\t\t\t\t\tclass=\"modern_medium_light_beige\"\n\t\t\t\t\t\t\t\tdata-type=\"text\"\n\t\t\t\t\t\t\t\tdata-color=\"rgba(197, 173, 143, 1)\"\n\t\t\t\t\t\t\t\tdata-rsp_ch=\"on\"\n\t\t\t\t\t\t\t\tdata-xy=\"x:750px;y:200px;\"\n\t\t\t\t\t\t\t\tdata-text=\"s:40;l:50;fw:300;\"\n\t\t\t\t\t\t\t\tdata-frame_1=\"st:100;sp:1500;sR:100;\"\n\t\t\t\t\t\t\t\tdata-frame_999=\"o:0;e:nothing;st:7500;sp:1500;sR:5900;\"\n\t\t\t\t\t\t\t\tstyle=\"z-index:6;font-family:'Source Sans Pro';margin:0px;white-space:nowrap;\"\n\t\t\t\t\t\t\t>a nuestros j\u00f3venes. \n\t\t\t\t\t\t\t<\/rs-layer><!--\n\n\t\t\t\t\t\t\t--><rs-layer\n\t\t\t\t\t\t\t\tid=\"slider-14-slide-16-layer-3\" \n\t\t\t\t\t\t\t\tdata-type=\"image\"\n\t\t\t\t\t\t\t\tdata-rsp_ch=\"on\"\n\t\t\t\t\t\t\t\tdata-text=\"l:22;\"\n\t\t\t\t\t\t\t\tdata-dim=\"w:612;h:398;\"\n\t\t\t\t\t\t\t\tdata-frame_1=\"st:100;sp:1500;sR:100;\"\n\t\t\t\t\t\t\t\tdata-frame_999=\"o:0;e:nothing;st:7500;sp:1500;sR:5900;\"\n\t\t\t\t\t\t\t\tstyle=\"z-index:7;\"\n\t\t\t\t\t\t\t><img decoding=\"async\" src=\"\/\/www.schahlstiftung.ch\/wordpress\/wp-content\/plugins\/revslider\/public\/assets\/assets\/dummy.png\" alt=\"\" class=\"tp-rs-img rs-lazyload\" width=\"612\" height=\"398\" data-lazyload=\"\/\/www.schahlstiftung.ch\/wordpress\/wp-content\/uploads\/2014\/02\/ChucksGlobus.jpg\" data-no-retina> \n\t\t\t\t\t\t\t<\/rs-layer><!--\n-->\t\t\t\t\t\t<\/rs-slide>\n\t\t\t\t\t\t<rs-slide style=\"position: absolute;\" data-key=\"rs-17\" data-title=\"Slide\" data-anim=\"ms:0;\" data-in=\"o:1;\" data-out=\"a:false;\">\n\t\t\t\t\t\t\t<img decoding=\"async\" src=\"\/\/www.schahlstiftung.ch\/wordpress\/wp-content\/plugins\/revslider\/public\/assets\/assets\/dummy.png\" alt=\"Slide\" title=\"Sobre nosotros\" class=\"rev-slidebg tp-rs-img rs-lazyload\" data-lazyload=\"\/\/www.schahlstiftung.ch\/wordpress\/wp-content\/plugins\/revslider\/public\/assets\/assets\/transparent.png\" data-bg=\"p:center top;c:#ffffff;\" data-no-retina>\n<!--\n\t\t\t\t\t\t\t--><rs-layer\n\t\t\t\t\t\t\t\tid=\"slider-14-slide-17-layer-1\" \n\t\t\t\t\t\t\t\tdata-type=\"image\"\n\t\t\t\t\t\t\t\tdata-rsp_ch=\"on\"\n\t\t\t\t\t\t\t\tdata-text=\"l:22;\"\n\t\t\t\t\t\t\t\tdata-dim=\"w:387;h:398;\"\n\t\t\t\t\t\t\t\tdata-frame_1=\"sp:1500;\"\n\t\t\t\t\t\t\t\tdata-frame_999=\"o:0;e:nothing;st:7500;sp:1500;sR:6000;\"\n\t\t\t\t\t\t\t\tstyle=\"z-index:5;\"\n\t\t\t\t\t\t\t><img decoding=\"async\" src=\"\/\/www.schahlstiftung.ch\/wordpress\/wp-content\/plugins\/revslider\/public\/assets\/assets\/dummy.png\" alt=\"\" class=\"tp-rs-img rs-lazyload\" width=\"387\" height=\"398\" data-lazyload=\"\/\/www.schahlstiftung.ch\/wordpress\/wp-content\/uploads\/2014\/02\/BuecherMaus.jpg\" data-no-retina> \n\t\t\t\t\t\t\t<\/rs-layer><!--\n\n\t\t\t\t\t\t\t--><rs-layer\n\t\t\t\t\t\t\t\tid=\"slider-14-slide-17-layer-2\" \n\t\t\t\t\t\t\t\tclass=\"modern_medium_light_red_white\"\n\t\t\t\t\t\t\t\tdata-type=\"text\"\n\t\t\t\t\t\t\t\tdata-color=\"rgba(228, 78, 45, 1)\"\n\t\t\t\t\t\t\t\tdata-rsp_ch=\"on\"\n\t\t\t\t\t\t\t\tdata-xy=\"x:470px;y:160px;\"\n\t\t\t\t\t\t\t\tdata-text=\"s:40;l:50;fw:300;\"\n\t\t\t\t\t\t\t\tdata-frame_1=\"sp:1500;\"\n\t\t\t\t\t\t\t\tdata-frame_999=\"o:0;e:nothing;st:7500;sp:1500;sR:6000;\"\n\t\t\t\t\t\t\t\tstyle=\"z-index:6;font-family:'Source Sans Pro';margin:0px;white-space:nowrap;\"\n\t\t\t\t\t\t\t>Plena disposici\u00f3n para aprender  \n\t\t\t\t\t\t\t<\/rs-layer><!--\n\n\t\t\t\t\t\t\t--><rs-layer\n\t\t\t\t\t\t\t\tid=\"slider-14-slide-17-layer-3\" \n\t\t\t\t\t\t\t\tclass=\"modern_medium_light_beige\"\n\t\t\t\t\t\t\t\tdata-type=\"text\"\n\t\t\t\t\t\t\t\tdata-color=\"rgba(197, 173, 143, 1)\"\n\t\t\t\t\t\t\t\tdata-rsp_ch=\"on\"\n\t\t\t\t\t\t\t\tdata-xy=\"x:570px;y:210px;\"\n\t\t\t\t\t\t\t\tdata-text=\"s:40;l:50;fw:300;\"\n\t\t\t\t\t\t\t\tdata-frame_1=\"sp:1500;\"\n\t\t\t\t\t\t\t\tdata-frame_999=\"o:0;e:nothing;st:7500;sp:1500;sR:6000;\"\n\t\t\t\t\t\t\t\tstyle=\"z-index:7;font-family:'Source Sans Pro';margin:0px;white-space:nowrap;\"\n\t\t\t\t\t\t\t>en la vida profesional y privada. \n\t\t\t\t\t\t\t<\/rs-layer><!--\n-->\t\t\t\t\t\t<\/rs-slide>\n\t\t\t\t\t\t<rs-slide style=\"position: absolute;\" data-key=\"rs-18\" data-title=\"Slide\" data-anim=\"ms:0;\" data-in=\"o:1;\" data-out=\"a:false;\">\n\t\t\t\t\t\t\t<img decoding=\"async\" src=\"\/\/www.schahlstiftung.ch\/wordpress\/wp-content\/plugins\/revslider\/public\/assets\/assets\/dummy.png\" alt=\"Slide\" title=\"Sobre nosotros\" class=\"rev-slidebg tp-rs-img rs-lazyload\" data-lazyload=\"\/\/www.schahlstiftung.ch\/wordpress\/wp-content\/plugins\/revslider\/public\/assets\/assets\/transparent.png\" data-bg=\"p:center top;c:#ffffff;\" data-no-retina>\n<!--\n\t\t\t\t\t\t\t--><rs-layer\n\t\t\t\t\t\t\t\tid=\"slider-14-slide-18-layer-1\" \n\t\t\t\t\t\t\t\tdata-type=\"image\"\n\t\t\t\t\t\t\t\tdata-rsp_ch=\"on\"\n\t\t\t\t\t\t\t\tdata-text=\"l:22;\"\n\t\t\t\t\t\t\t\tdata-dim=\"w:684;h:398;\"\n\t\t\t\t\t\t\t\tdata-frame_1=\"sp:1500;\"\n\t\t\t\t\t\t\t\tdata-frame_999=\"o:0;e:nothing;st:7500;sp:1500;sR:6000;\"\n\t\t\t\t\t\t\t\tstyle=\"z-index:5;\"\n\t\t\t\t\t\t\t><img decoding=\"async\" src=\"\/\/www.schahlstiftung.ch\/wordpress\/wp-content\/plugins\/revslider\/public\/assets\/assets\/dummy.png\" alt=\"\" class=\"tp-rs-img rs-lazyload\" width=\"684\" height=\"398\" data-lazyload=\"\/\/www.schahlstiftung.ch\/wordpress\/wp-content\/uploads\/2014\/02\/Geige.jpg\" data-no-retina> \n\t\t\t\t\t\t\t<\/rs-layer><!--\n\n\t\t\t\t\t\t\t--><rs-layer\n\t\t\t\t\t\t\t\tid=\"slider-14-slide-18-layer-2\" \n\t\t\t\t\t\t\t\tclass=\"modern_medium_light_red_white\"\n\t\t\t\t\t\t\t\tdata-type=\"text\"\n\t\t\t\t\t\t\t\tdata-color=\"rgba(228, 78, 45, 1)\"\n\t\t\t\t\t\t\t\tdata-rsp_ch=\"on\"\n\t\t\t\t\t\t\t\tdata-xy=\"x:590px;y:50px;\"\n\t\t\t\t\t\t\t\tdata-text=\"s:40;l:50;fw:300;\"\n\t\t\t\t\t\t\t\tdata-frame_1=\"sp:1500;\"\n\t\t\t\t\t\t\t\tdata-frame_999=\"o:0;e:nothing;st:7500;sp:1500;sR:6000;\"\n\t\t\t\t\t\t\t\tstyle=\"z-index:6;font-family:'Source Sans Pro';margin:0px;white-space:nowrap;\"\n\t\t\t\t\t\t\t>Conseguir el objetivo fijado con  \n\t\t\t\t\t\t\t<\/rs-layer><!--\n\n\t\t\t\t\t\t\t--><rs-layer\n\t\t\t\t\t\t\t\tid=\"slider-14-slide-18-layer-3\" \n\t\t\t\t\t\t\t\tclass=\"modern_medium_light_beige\"\n\t\t\t\t\t\t\t\tdata-type=\"text\"\n\t\t\t\t\t\t\t\tdata-color=\"rgba(197, 173, 143, 1)\"\n\t\t\t\t\t\t\t\tdata-rsp_ch=\"on\"\n\t\t\t\t\t\t\t\tdata-xy=\"x:750px;y:99px;\"\n\t\t\t\t\t\t\t\tdata-text=\"s:40;l:50;fw:300;\"\n\t\t\t\t\t\t\t\tdata-frame_1=\"sp:1500;\"\n\t\t\t\t\t\t\t\tdata-frame_999=\"o:0;e:nothing;st:7500;sp:1500;sR:6000;\"\n\t\t\t\t\t\t\t\tstyle=\"z-index:7;font-family:'Source Sans Pro';margin:0px;white-space:nowrap;\"\n\t\t\t\t\t\t\t>esp\u00edritu ambicioso y  \n\t\t\t\t\t\t\t<\/rs-layer><!--\n\n\t\t\t\t\t\t\t--><rs-layer\n\t\t\t\t\t\t\t\tid=\"slider-14-slide-18-layer-4\" \n\t\t\t\t\t\t\t\tclass=\"modern_medium_light_beige\"\n\t\t\t\t\t\t\t\tdata-type=\"text\"\n\t\t\t\t\t\t\t\tdata-color=\"rgba(197, 173, 143, 1)\"\n\t\t\t\t\t\t\t\tdata-rsp_ch=\"on\"\n\t\t\t\t\t\t\t\tdata-xy=\"x:697px;y:147px;\"\n\t\t\t\t\t\t\t\tdata-text=\"s:40;l:50;fw:300;\"\n\t\t\t\t\t\t\t\tdata-frame_1=\"sp:1500;\"\n\t\t\t\t\t\t\t\tdata-frame_999=\"st:7500;sp:1500;sR:6000;auto:true;\"\n\t\t\t\t\t\t\t\tstyle=\"z-index:8;font-family:'Source Sans Pro';margin:0px;white-space:nowrap;\"\n\t\t\t\t\t\t\t>una fuerte voluntad. \n\t\t\t\t\t\t\t<\/rs-layer><!--\n-->\t\t\t\t\t\t<\/rs-slide>\n\t\t\t\t\t<\/rs-slides>\n\t\t\t\t<\/rs-module>\n\t\t\t\t<script>\n\t\t\t\t\tsetREVStartSize({c: 'rev_slider_14_1',rl:[1240,1024,778,480],el:[400],gw:[1230],gh:[400],type:'standard',justify:'',layout:'fullwidth',mh:\"400\"});if (window.RS_MODULES!==undefined && window.RS_MODULES.modules!==undefined && window.RS_MODULES.modules[\"revslider141\"]!==undefined) {window.RS_MODULES.modules[\"revslider141\"].once = false;window.revapi14 = undefined;if (window.RS_MODULES.checkMinimal!==undefined) window.RS_MODULES.checkMinimal()}\n\t\t\t\t<\/script>\n\t\t\t<\/rs-module-wrap>\n\t\t\t<!-- END REVOLUTION SLIDER -->\n\n\t\t<\/div> \n\t<\/div> <\/div>\n <div class=\"blank_spacer span12 \" style=\"height:20px;\"><\/div>\n <div class=\"row\">\n\t<div class=\"wpb_content_element span12 wpb_text_column\">\n\t\t<div class=\"wpb_wrapper clearfix\">\n\t\t\t\n<h1 style=\"text-align: left;\"><span style=\"color: #808080;\">Con esta Fundaci\u00f3n queremos abrir las puertas a quienes no las pueden abrir por su propia cuenta. La organizaci\u00f3n ha sido constituida para facilitar el acceso a la capacitaci\u00f3n profesional de ni\u00f1os y j\u00f3venes de reconocido m\u00e9rito estudiantil, que provengan de sectores menos privilegiados.<\/span><\/h1>\n\n\t\t<\/div> \n\t<\/div> <\/div>\n <div class=\"blank_spacer span12 \" style=\"height:300px;\"><\/div>\n\n","protected":false},"excerpt":{"rendered":"","protected":false},"author":1,"featured_media":0,"parent":0,"menu_order":0,"comment_status":"open","ping_status":"open","template":"","meta":{"footnotes":""},"class_list":["post-258","page","type-page","status-publish","hentry"],"_links":{"self":[{"href":"http:\/\/www.schahlstiftung.ch\/es\/wp-json\/wp\/v2\/pages\/258","targetHints":{"allow":["GET"]}}],"collection":[{"href":"http:\/\/www.schahlstiftung.ch\/es\/wp-json\/wp\/v2\/pages"}],"about":[{"href":"http:\/\/www.schahlstiftung.ch\/es\/wp-json\/wp\/v2\/types\/page"}],"author":[{"embeddable":true,"href":"http:\/\/www.schahlstiftung.ch\/es\/wp-json\/wp\/v2\/users\/1"}],"replies":[{"embeddable":true,"href":"http:\/\/www.schahlstiftung.ch\/es\/wp-json\/wp\/v2\/comments?post=258"}],"version-history":[{"count":4,"href":"http:\/\/www.schahlstiftung.ch\/es\/wp-json\/wp\/v2\/pages\/258\/revisions"}],"predecessor-version":[{"id":263,"href":"http:\/\/www.schahlstiftung.ch\/es\/wp-json\/wp\/v2\/pages\/258\/revisions\/263"}],"wp:attachment":[{"href":"http:\/\/www.schahlstiftung.ch\/es\/wp-json\/wp\/v2\/media?parent=258"}],"curies":[{"name":"wp","href":"https:\/\/api.w.org\/{rel}","templated":true}]}}