{"id":234,"date":"2017-10-25T15:23:24","date_gmt":"2017-10-25T13:23:24","guid":{"rendered":"http:\/\/www.schahlstiftung.ch\/?page_id=234"},"modified":"2017-10-25T15:33:42","modified_gmt":"2017-10-25T13:33:42","slug":"fundadores","status":"publish","type":"page","link":"https:\/\/www.schahlstiftung.ch\/es\/fundadores\/","title":{"rendered":"Fundadores"},"content":{"rendered":"<div class=\"row\">\n\t<div class=\"wpb_showcase_widget wpb_content_element span12\">\n\t\t<div class=\"wpb_wrapper showcase-wrap\">\n\t\t\t\t\n\t\t\t<!-- START Fundadores REVOLUTION SLIDER 6.6.8 --><p class=\"rs-p-wp-fix\"><\/p>\n\t\t\t<rs-module-wrap id=\"rev_slider_8_1_wrapper\" data-source=\"gallery\" style=\"visibility:hidden;background:#ffffff;padding:0;margin:0px auto;margin-top:0;margin-bottom:0;\">\n\t\t\t\t<rs-module id=\"rev_slider_8_1\" style=\"\" data-version=\"6.6.8\">\n\t\t\t\t\t<rs-slides style=\"overflow: hidden; position: absolute;\">\n\t\t\t\t\t\t<rs-slide style=\"position: absolute;\" data-key=\"rs-10\" data-title=\"Slide\" data-anim=\"adpr:false;ms:600;\" data-in=\"o:0;\" data-out=\"a:false;\">\n\t\t\t\t\t\t\t<img decoding=\"async\" src=\"\/\/www.schahlstiftung.ch\/wordpress\/wp-content\/plugins\/revslider\/public\/assets\/assets\/dummy.png\" alt=\"\" title=\"Fundadores\" class=\"rev-slidebg tp-rs-img rs-lazyload\" data-lazyload=\"\/\/www.schahlstiftung.ch\/wordpress\/wp-content\/uploads\/2014\/02\/Verlauf.png\" data-bg=\"p:center top;f:auto;\" data-no-retina>\n<!--\n\t\t\t\t\t\t\t--><rs-layer\n\t\t\t\t\t\t\t\tid=\"slider-8-slide-10-layer-1\" \n\t\t\t\t\t\t\t\tclass=\"modern_medium_light_white\"\n\t\t\t\t\t\t\t\tdata-type=\"text\"\n\t\t\t\t\t\t\t\tdata-color=\"#ffffff\"\n\t\t\t\t\t\t\t\tdata-rsp_ch=\"on\"\n\t\t\t\t\t\t\t\tdata-xy=\"x:480px;y:110px;\"\n\t\t\t\t\t\t\t\tdata-text=\"s:40;l:50;fw:300;a:inherit;\"\n\t\t\t\t\t\t\t\tdata-frame_1=\"sp:1500;sR:10;\"\n\t\t\t\t\t\t\t\tdata-frame_999=\"o:0;e:nothing;st:w;sp:1500;sR:3490;\"\n\t\t\t\t\t\t\t\tstyle=\"z-index:5;font-family:'Source Sans Pro';margin:0px;white-space:nowrap;\"\n\t\t\t\t\t\t\t>Alemania, Colombia y Suiza: <br>\nNos sentimos especialmente <br>\nagradecidos con estos tres pa\u00edses. \n\t\t\t\t\t\t\t<\/rs-layer><!--\n\n\t\t\t\t\t\t\t--><rs-layer\n\t\t\t\t\t\t\t\tid=\"slider-8-slide-10-layer-2\" \n\t\t\t\t\t\t\t\tdata-type=\"image\"\n\t\t\t\t\t\t\t\tdata-rsp_ch=\"on\"\n\t\t\t\t\t\t\t\tdata-text=\"l:22;a:inherit;\"\n\t\t\t\t\t\t\t\tdata-dim=\"w:388;h:400;\"\n\t\t\t\t\t\t\t\tdata-frame_1=\"sp:1500;sR:10;\"\n\t\t\t\t\t\t\t\tdata-frame_999=\"st:w;sp:1500;sR:3490;auto:true;\"\n\t\t\t\t\t\t\t\tstyle=\"z-index:6;\"\n\t\t\t\t\t\t\t><img decoding=\"async\" src=\"\/\/www.schahlstiftung.ch\/wordpress\/wp-content\/plugins\/revslider\/public\/assets\/assets\/dummy.png\" alt=\"\" class=\"tp-rs-img rs-lazyload\" width=\"388\" height=\"400\" data-lazyload=\"\/\/www.schahlstiftung.ch\/wordpress\/wp-content\/uploads\/2014\/02\/Gruender_A.jpg\" data-no-retina> \n\t\t\t\t\t\t\t<\/rs-layer><!--\n-->\t\t\t\t\t\t<\/rs-slide>\n\t\t\t\t\t\t<rs-slide style=\"position: absolute;\" data-key=\"rs-101\" data-title=\"Slide\" data-anim=\"adpr:false;ms:600;\" data-in=\"o:0;\" data-out=\"a:false;\">\n\t\t\t\t\t\t\t<img decoding=\"async\" src=\"\/\/www.schahlstiftung.ch\/wordpress\/wp-content\/plugins\/revslider\/public\/assets\/assets\/dummy.png\" alt=\"\" title=\"Fundadores\" class=\"rev-slidebg tp-rs-img rs-lazyload\" data-lazyload=\"\/\/www.schahlstiftung.ch\/wordpress\/wp-content\/uploads\/2014\/02\/Verlauf.png\" data-bg=\"p:center top;f:auto;\" data-no-retina>\n<!--\n\t\t\t\t\t\t\t--><rs-layer\n\t\t\t\t\t\t\t\tid=\"slider-8-slide-101-layer-1\" \n\t\t\t\t\t\t\t\tclass=\"modern_medium_light_white\"\n\t\t\t\t\t\t\t\tdata-type=\"text\"\n\t\t\t\t\t\t\t\tdata-color=\"#ffffff\"\n\t\t\t\t\t\t\t\tdata-rsp_ch=\"on\"\n\t\t\t\t\t\t\t\tdata-xy=\"x:480px;y:110px;\"\n\t\t\t\t\t\t\t\tdata-text=\"s:40;l:50;fw:300;a:inherit;\"\n\t\t\t\t\t\t\t\tdata-frame_1=\"sp:1500;sR:10;\"\n\t\t\t\t\t\t\t\tdata-frame_999=\"o:0;e:nothing;st:w;sp:1500;sR:3490;\"\n\t\t\t\t\t\t\t\tstyle=\"z-index:5;font-family:'Source Sans Pro';margin:0px;white-space:nowrap;\"\n\t\t\t\t\t\t\t>Alemania, Colombia y Suiza: <br>\nNos sentimos especialmente <br>\nagradecidos con estos tres pa\u00edses. \n\t\t\t\t\t\t\t<\/rs-layer><!--\n\n\t\t\t\t\t\t\t--><rs-layer\n\t\t\t\t\t\t\t\tid=\"slider-8-slide-101-layer-2\" \n\t\t\t\t\t\t\t\tdata-type=\"image\"\n\t\t\t\t\t\t\t\tdata-rsp_ch=\"on\"\n\t\t\t\t\t\t\t\tdata-text=\"l:22;a:inherit;\"\n\t\t\t\t\t\t\t\tdata-dim=\"w:388;h:400;\"\n\t\t\t\t\t\t\t\tdata-frame_1=\"sp:1500;sR:10;\"\n\t\t\t\t\t\t\t\tdata-frame_999=\"st:w;sp:1500;sR:3490;auto:true;\"\n\t\t\t\t\t\t\t\tstyle=\"z-index:6;\"\n\t\t\t\t\t\t\t><img decoding=\"async\" src=\"\/\/www.schahlstiftung.ch\/wordpress\/wp-content\/plugins\/revslider\/public\/assets\/assets\/dummy.png\" alt=\"\" class=\"tp-rs-img rs-lazyload\" width=\"388\" height=\"400\" data-lazyload=\"\/\/www.schahlstiftung.ch\/wordpress\/wp-content\/uploads\/2014\/02\/Gruender_A.jpg\" data-no-retina> \n\t\t\t\t\t\t\t<\/rs-layer><!--\n-->\t\t\t\t\t\t<\/rs-slide>\n\t\t\t\t\t<\/rs-slides>\n\t\t\t\t<\/rs-module>\n\t\t\t\t<script>\n\t\t\t\t\tsetREVStartSize({c: 'rev_slider_8_1',rl:[1240,1024,778,480],el:[400],gw:[1230],gh:[400],type:'standard',justify:'',layout:'fullwidth',mh:\"400\"});if (window.RS_MODULES!==undefined && window.RS_MODULES.modules!==undefined && window.RS_MODULES.modules[\"revslider81\"]!==undefined) {window.RS_MODULES.modules[\"revslider81\"].once = false;window.revapi8 = undefined;if (window.RS_MODULES.checkMinimal!==undefined) window.RS_MODULES.checkMinimal()}\n\t\t\t\t<\/script>\n\t\t\t<\/rs-module-wrap>\n\t\t\t<!-- END REVOLUTION SLIDER -->\n\n\t\t<\/div> \n\t<\/div> <\/div>\n <div class=\"blank_spacer span12 \" style=\"height:29px;\"><\/div>\n <div class=\"row\">\n\t<div class=\"wpb_content_element span6 wpb_text_column\">\n\t\t<div class=\"wpb_wrapper clearfix\">\n\t\t\t\n<p>La educaci\u00f3n se adquiere en el colegio o en la universidad. Se la puede ampliar a trav\u00e9s de viajes, acerc\u00e1ndose a otras culturas o aprendiendo un idioma extranjero.<\/p>\n<p>Nosotros tuvimos la suerte de vivir personalmente esas experiencias y, por eso, sabemos cu\u00e1n enriquecedor es permanecer un cierto tiempo en otro pa\u00eds. Bogot\u00e1 se convirti\u00f3 en el centro de nuestros ires y venires durante diez a\u00f1os, y esa estad\u00eda dej\u00f3 en nosotros una huella imborrable. Las personas j\u00f3venes son quienes m\u00e1s se benefician de vivencias nuevas, pues de ellas extraen saberes para su futuro desempe\u00f1o profesional y sus \u00e9xitos posteriores. Se ven ante la necesidad de reorganizarse, de enfrentarse a lo desconocido y de forjar planes a partir de tales experiencias.<\/p>\n<p>Con esta Fundaci\u00f3n queremos abrir las puertas a quienes no las pueden abrir por su propia cuenta. Lamentablemente no se cumpli\u00f3 nuestro deseo com\u00fan de tener hijos, por lo que los m\u00e1s j\u00f3venes poseen una importancia especial para nosotros. La organizaci\u00f3n ha sido concebida con el fin de facilitar el acceso a la capacitaci\u00f3n profesional de ni\u00f1os y j\u00f3venes de reconocido m\u00e9rito estudiantil, que provengan de los sectores menos privilegiados y que re\u00fanan las condiciones estipuladas, aspirando as\u00ed a transmitirles valores positivos y ofrecerles mejores perspectivas existenciales.<\/p>\n\n\t\t<\/div> \n\t<\/div>  \n\t<div class=\"wpb_content_element span6 wpb_text_column\">\n\t\t<div class=\"wpb_wrapper clearfix\">\n\t\t\t\n<p>Colombia nos regal\u00f3 no solo su lengua y su rica cultura. Cuando estuvimos all\u00e1 nos ense\u00f1\u00f3 a actuar a nivel internacional con su esp\u00edritu emprendedor e independiente.<\/p>\n<p>Alemania, nuestra patria, nos permiti\u00f3 construir nuestra empresa sobre pilares s\u00f3lidos. Gracias a su estabilidad pol\u00edtica y las oportunidades econ\u00f3micas nos fue posible crear una empresa comercial peque\u00f1a, internacional y pr\u00f3spera, a partir de la sola idea de c\u00f3mo hacer el negocio.<\/p>\n<p>Suiza es para nosotros el pa\u00eds de las amistades duraderas. Sabemos que el patrimonio de nuestra Fundaci\u00f3n est\u00e1 all\u00e1 bien administrada y bien resguardada.<\/p>\n<p>Por ello deseamos que los beneficiarios de la Fundaci\u00f3n provengan, en la medida de lo posible, de uno de los tres pa\u00edses m\u00e1s importantes para nosotros.<br \/>\n<span style=\"color: #ffffff;\">Schahlstiftung<\/span><br \/>\n<span style=\"color: #ffffff;\">Schahlstiftung<\/span><br \/>\n<span style=\"color: #ffffff;\">Schahlstiftung<\/span><br \/>\nAfectuosamente,<br \/>\nHera Schahl apellido de soltera Knirsch y Richard Schahl<\/p>\n\n\t\t<\/div> \n\t<\/div> <\/div>\n <div class=\"blank_spacer span12 \" style=\"height:34px;\"><\/div>\n\n","protected":false},"excerpt":{"rendered":"","protected":false},"author":1,"featured_media":0,"parent":0,"menu_order":0,"comment_status":"open","ping_status":"open","template":"","meta":{"footnotes":""},"class_list":["post-234","page","type-page","status-publish","hentry"],"_links":{"self":[{"href":"https:\/\/www.schahlstiftung.ch\/es\/wp-json\/wp\/v2\/pages\/234","targetHints":{"allow":["GET"]}}],"collection":[{"href":"https:\/\/www.schahlstiftung.ch\/es\/wp-json\/wp\/v2\/pages"}],"about":[{"href":"https:\/\/www.schahlstiftung.ch\/es\/wp-json\/wp\/v2\/types\/page"}],"author":[{"embeddable":true,"href":"https:\/\/www.schahlstiftung.ch\/es\/wp-json\/wp\/v2\/users\/1"}],"replies":[{"embeddable":true,"href":"https:\/\/www.schahlstiftung.ch\/es\/wp-json\/wp\/v2\/comments?post=234"}],"version-history":[{"count":6,"href":"https:\/\/www.schahlstiftung.ch\/es\/wp-json\/wp\/v2\/pages\/234\/revisions"}],"predecessor-version":[{"id":240,"href":"https:\/\/www.schahlstiftung.ch\/es\/wp-json\/wp\/v2\/pages\/234\/revisions\/240"}],"wp:attachment":[{"href":"https:\/\/www.schahlstiftung.ch\/es\/wp-json\/wp\/v2\/media?parent=234"}],"curies":[{"name":"wp","href":"https:\/\/api.w.org\/{rel}","templated":true}]}}